{"id":2606,"date":"2022-02-06T17:55:37","date_gmt":"2022-02-06T17:55:37","guid":{"rendered":"https:\/\/hofmantopsport.nl\/?page_id=2606"},"modified":"2025-06-21T21:25:11","modified_gmt":"2025-06-21T21:25:11","slug":"rossler-titan","status":"publish","type":"page","link":"https:\/\/hofmantopsport.nl\/en\/vuurwapens\/rossler-titan\/","title":{"rendered":"R\u00f6ssler \/ R\u00d6WA"},"content":{"rendered":"<div class=\"wp-block-image\">\n<figure class=\"aligncenter size-large\"><img data-recalc-dims=\"1\" loading=\"lazy\" decoding=\"async\" width=\"696\" height=\"279\" src=\"https:\/\/i0.wp.com\/hofmantopsport.nl\/wp-content\/uploads\/2025\/06\/Logo-Rosler_AUSTRIA.png?resize=696%2C279&#038;ssl=1\" alt=\"\" class=\"wp-image-4037\" srcset=\"https:\/\/i0.wp.com\/hofmantopsport.nl\/wp-content\/uploads\/2025\/06\/Logo-Rosler_AUSTRIA-scaled.png?resize=1024%2C410&amp;ssl=1 1024w, https:\/\/i0.wp.com\/hofmantopsport.nl\/wp-content\/uploads\/2025\/06\/Logo-Rosler_AUSTRIA-scaled.png?resize=300%2C120&amp;ssl=1 300w, https:\/\/i0.wp.com\/hofmantopsport.nl\/wp-content\/uploads\/2025\/06\/Logo-Rosler_AUSTRIA-scaled.png?resize=768%2C307&amp;ssl=1 768w, https:\/\/i0.wp.com\/hofmantopsport.nl\/wp-content\/uploads\/2025\/06\/Logo-Rosler_AUSTRIA-scaled.png?resize=1536%2C614&amp;ssl=1 1536w, https:\/\/i0.wp.com\/hofmantopsport.nl\/wp-content\/uploads\/2025\/06\/Logo-Rosler_AUSTRIA-scaled.png?resize=2048%2C819&amp;ssl=1 2048w, https:\/\/i0.wp.com\/hofmantopsport.nl\/wp-content\/uploads\/2025\/06\/Logo-Rosler_AUSTRIA-scaled.png?resize=18%2C7&amp;ssl=1 18w, https:\/\/i0.wp.com\/hofmantopsport.nl\/wp-content\/uploads\/2025\/06\/Logo-Rosler_AUSTRIA-scaled.png?resize=1320%2C528&amp;ssl=1 1320w, https:\/\/i0.wp.com\/hofmantopsport.nl\/wp-content\/uploads\/2025\/06\/Logo-Rosler_AUSTRIA-scaled.png?w=1392&amp;ssl=1 1392w\" sizes=\"auto, (max-width: 696px) 100vw, 696px\" \/><\/figure>\n<\/div>\n\n\n<p class=\"has-text-align-left\">Back in The BeNeLux: <span class=\"nc684nl6\">R\u00f6\u00dfler Austria &#8211; Roessler\/Rossler\/ROWA <\/span>kogelgeweren!<br>Een kleinschalig familiebedrijf gevestigd in Kufstein, Oostenrijk, dat sinds 1996 de hoogwaardige Titan 6 jachtgeweren produceert onder de bedrijfsnaam R\u00f6ssler AUSTRIA.<\/p>\n\n\n\n<p>Made in Austria!<br>Deze geweren zijn al jarenlang bekend en gewild bij jagers wereldwijd. R\u00f6ssler-geweren imponeren met hun precisie, intu\u00eftieve bediening, solide vakmanschap en elegantie. Allround betrouwbare geweren met persoonlijkheid en flexibiliteit.<\/p>\n\n\n\n<p>Nieuw: De R\u00f6ssler SIGNATURE, <a href=\"https:\/\/www.all4shooters.com\/en\/hunting\/rifles\/roessler-signature-launch-the-new-hunting-bolt-action-rifle-with-manual-cocking-system\/\" target=\"_blank\" rel=\"noreferrer noopener\">klik hier om te lezen wat All4Hunters<\/a> er van vindt!<\/p>\n\n\n<div class=\"wp-block-image\">\n<figure class=\"aligncenter\"><a href=\"https:\/\/i0.wp.com\/hofmantopsport.nl\/wp-content\/uploads\/2023\/02\/Rowa-Signature.jpg?ssl=1\"><img data-recalc-dims=\"1\" loading=\"lazy\" decoding=\"async\" width=\"696\" height=\"696\" src=\"https:\/\/i0.wp.com\/hofmantopsport.nl\/wp-content\/uploads\/2023\/02\/Rowa-Signature.jpg?resize=696%2C696&#038;ssl=1\" alt=\"\" class=\"wp-image-2836\" srcset=\"https:\/\/i0.wp.com\/hofmantopsport.nl\/wp-content\/uploads\/2023\/02\/Rowa-Signature.jpg?w=1500&amp;ssl=1 1500w, https:\/\/i0.wp.com\/hofmantopsport.nl\/wp-content\/uploads\/2023\/02\/Rowa-Signature.jpg?resize=300%2C300&amp;ssl=1 300w, https:\/\/i0.wp.com\/hofmantopsport.nl\/wp-content\/uploads\/2023\/02\/Rowa-Signature.jpg?resize=1024%2C1024&amp;ssl=1 1024w, https:\/\/i0.wp.com\/hofmantopsport.nl\/wp-content\/uploads\/2023\/02\/Rowa-Signature.jpg?resize=150%2C150&amp;ssl=1 150w, https:\/\/i0.wp.com\/hofmantopsport.nl\/wp-content\/uploads\/2023\/02\/Rowa-Signature.jpg?resize=768%2C768&amp;ssl=1 768w, https:\/\/i0.wp.com\/hofmantopsport.nl\/wp-content\/uploads\/2023\/02\/Rowa-Signature.jpg?resize=12%2C12&amp;ssl=1 12w, https:\/\/i0.wp.com\/hofmantopsport.nl\/wp-content\/uploads\/2023\/02\/Rowa-Signature.jpg?resize=640%2C640&amp;ssl=1 640w, https:\/\/i0.wp.com\/hofmantopsport.nl\/wp-content\/uploads\/2023\/02\/Rowa-Signature.jpg?resize=1320%2C1320&amp;ssl=1 1320w, https:\/\/i0.wp.com\/hofmantopsport.nl\/wp-content\/uploads\/2023\/02\/Rowa-Signature.jpg?w=1392&amp;ssl=1 1392w\" sizes=\"auto, (max-width: 696px) 100vw, 696px\" \/><\/a><\/figure>\n<\/div>\n\n\n<p><\/p>\n\n\n\n<figure class=\"wp-block-embed is-type-video is-provider-youtube wp-block-embed-youtube wp-embed-aspect-16-9 wp-has-aspect-ratio\"><div class=\"wp-block-embed__wrapper\">\n<iframe loading=\"lazy\" title=\"SIGNATURE - Teaser\" width=\"696\" height=\"392\" src=\"https:\/\/www.youtube.com\/embed\/MaBXgInLuGM?feature=oembed\" frameborder=\"0\" allow=\"accelerometer; autoplay; clipboard-write; encrypted-media; gyroscope; picture-in-picture; web-share\" referrerpolicy=\"strict-origin-when-cross-origin\" allowfullscreen><\/iframe>\n<\/div><\/figure>\n\n\n\n<figure class=\"wp-block-embed is-type-video is-provider-youtube wp-block-embed-youtube wp-embed-aspect-16-9 wp-has-aspect-ratio\"><div class=\"wp-block-embed__wrapper\">\n<iframe loading=\"lazy\" title=\"Einblick: R\u00f6\u00dfler Austria - Eine Tour durch die Firma\" width=\"696\" height=\"392\" src=\"https:\/\/www.youtube.com\/embed\/aDZJ05wCSPk?feature=oembed\" frameborder=\"0\" allow=\"accelerometer; autoplay; clipboard-write; encrypted-media; gyroscope; picture-in-picture; web-share\" referrerpolicy=\"strict-origin-when-cross-origin\" allowfullscreen><\/iframe>\n<\/div><\/figure>\n\n\n\n<figure class=\"wp-block-image size-large\"><img data-recalc-dims=\"1\" loading=\"lazy\" decoding=\"async\" width=\"696\" height=\"249\" src=\"https:\/\/i0.wp.com\/hofmantopsport.nl\/wp-content\/uploads\/2022\/02\/Titan-Target-light-brown-1-jpg.jpg?resize=696%2C249&#038;ssl=1\" alt=\"\" class=\"wp-image-2617\" srcset=\"https:\/\/i0.wp.com\/hofmantopsport.nl\/wp-content\/uploads\/2022\/02\/Titan-Target-light-brown-1-jpg.jpg?resize=1024%2C367&amp;ssl=1 1024w, https:\/\/i0.wp.com\/hofmantopsport.nl\/wp-content\/uploads\/2022\/02\/Titan-Target-light-brown-1-jpg.jpg?resize=300%2C107&amp;ssl=1 300w, https:\/\/i0.wp.com\/hofmantopsport.nl\/wp-content\/uploads\/2022\/02\/Titan-Target-light-brown-1-jpg.jpg?resize=768%2C275&amp;ssl=1 768w, https:\/\/i0.wp.com\/hofmantopsport.nl\/wp-content\/uploads\/2022\/02\/Titan-Target-light-brown-1-jpg.jpg?resize=18%2C6&amp;ssl=1 18w, https:\/\/i0.wp.com\/hofmantopsport.nl\/wp-content\/uploads\/2022\/02\/Titan-Target-light-brown-1-jpg.jpg?w=1273&amp;ssl=1 1273w\" sizes=\"auto, (max-width: 696px) 100vw, 696px\" \/><figcaption class=\"wp-element-caption\">Rossler TITAN Target Light Brown<\/figcaption><\/figure>\n\n\n\n<figure class=\"wp-block-image size-large\"><img data-recalc-dims=\"1\" loading=\"lazy\" decoding=\"async\" width=\"696\" height=\"242\" src=\"https:\/\/i0.wp.com\/hofmantopsport.nl\/wp-content\/uploads\/2022\/02\/Titan-Target-light-black-1-jpg.jpg?resize=696%2C242&#038;ssl=1\" alt=\"\" class=\"wp-image-2620\" srcset=\"https:\/\/i0.wp.com\/hofmantopsport.nl\/wp-content\/uploads\/2022\/02\/Titan-Target-light-black-1-jpg.jpg?resize=1024%2C356&amp;ssl=1 1024w, https:\/\/i0.wp.com\/hofmantopsport.nl\/wp-content\/uploads\/2022\/02\/Titan-Target-light-black-1-jpg.jpg?resize=300%2C104&amp;ssl=1 300w, https:\/\/i0.wp.com\/hofmantopsport.nl\/wp-content\/uploads\/2022\/02\/Titan-Target-light-black-1-jpg.jpg?resize=768%2C267&amp;ssl=1 768w, https:\/\/i0.wp.com\/hofmantopsport.nl\/wp-content\/uploads\/2022\/02\/Titan-Target-light-black-1-jpg.jpg?resize=18%2C6&amp;ssl=1 18w, https:\/\/i0.wp.com\/hofmantopsport.nl\/wp-content\/uploads\/2022\/02\/Titan-Target-light-black-1-jpg.jpg?w=1118&amp;ssl=1 1118w\" sizes=\"auto, (max-width: 696px) 100vw, 696px\" \/><figcaption class=\"wp-element-caption\">Rossler TITAN Target Light Black<\/figcaption><\/figure>\n\n\n\n<figure class=\"wp-block-image size-large\"><img data-recalc-dims=\"1\" loading=\"lazy\" decoding=\"async\" width=\"696\" height=\"260\" src=\"https:\/\/i0.wp.com\/hofmantopsport.nl\/wp-content\/uploads\/2022\/02\/Titan-Alround-1-jpg.jpg?resize=696%2C260&#038;ssl=1\" alt=\"\" class=\"wp-image-2612\" srcset=\"https:\/\/i0.wp.com\/hofmantopsport.nl\/wp-content\/uploads\/2022\/02\/Titan-Alround-1-jpg.jpg?resize=1024%2C382&amp;ssl=1 1024w, https:\/\/i0.wp.com\/hofmantopsport.nl\/wp-content\/uploads\/2022\/02\/Titan-Alround-1-jpg.jpg?resize=300%2C112&amp;ssl=1 300w, https:\/\/i0.wp.com\/hofmantopsport.nl\/wp-content\/uploads\/2022\/02\/Titan-Alround-1-jpg.jpg?resize=768%2C286&amp;ssl=1 768w, https:\/\/i0.wp.com\/hofmantopsport.nl\/wp-content\/uploads\/2022\/02\/Titan-Alround-1-jpg.jpg?resize=18%2C7&amp;ssl=1 18w, https:\/\/i0.wp.com\/hofmantopsport.nl\/wp-content\/uploads\/2022\/02\/Titan-Alround-1-jpg.jpg?w=1306&amp;ssl=1 1306w\" sizes=\"auto, (max-width: 696px) 100vw, 696px\" \/><figcaption class=\"wp-element-caption\">Rossler TITAN Allround<\/figcaption><\/figure>\n\n\n\n<figure class=\"wp-block-image size-large\"><img data-recalc-dims=\"1\" loading=\"lazy\" decoding=\"async\" width=\"696\" height=\"252\" src=\"https:\/\/i0.wp.com\/hofmantopsport.nl\/wp-content\/uploads\/2022\/02\/Titan-Standard-1-jpg.jpg?resize=696%2C252&#038;ssl=1\" alt=\"\" class=\"wp-image-2614\" srcset=\"https:\/\/i0.wp.com\/hofmantopsport.nl\/wp-content\/uploads\/2022\/02\/Titan-Standard-1-jpg.jpg?resize=1024%2C371&amp;ssl=1 1024w, https:\/\/i0.wp.com\/hofmantopsport.nl\/wp-content\/uploads\/2022\/02\/Titan-Standard-1-jpg.jpg?resize=300%2C109&amp;ssl=1 300w, https:\/\/i0.wp.com\/hofmantopsport.nl\/wp-content\/uploads\/2022\/02\/Titan-Standard-1-jpg.jpg?resize=768%2C278&amp;ssl=1 768w, https:\/\/i0.wp.com\/hofmantopsport.nl\/wp-content\/uploads\/2022\/02\/Titan-Standard-1-jpg.jpg?resize=18%2C7&amp;ssl=1 18w, https:\/\/i0.wp.com\/hofmantopsport.nl\/wp-content\/uploads\/2022\/02\/Titan-Standard-1-jpg.jpg?w=1299&amp;ssl=1 1299w\" sizes=\"auto, (max-width: 696px) 100vw, 696px\" \/><figcaption class=\"wp-element-caption\">Rossler TITAN Standard<\/figcaption><\/figure>\n\n\n\n<figure class=\"wp-block-image size-large is-resized\"><img data-recalc-dims=\"1\" loading=\"lazy\" decoding=\"async\" width=\"696\" height=\"286\" src=\"https:\/\/i0.wp.com\/hofmantopsport.nl\/wp-content\/uploads\/2022\/02\/Titan-Luxury-1-jpg.jpg?resize=696%2C286&#038;ssl=1\" alt=\"\" class=\"wp-image-2615\" style=\"width:840px;height:345px\" srcset=\"https:\/\/i0.wp.com\/hofmantopsport.nl\/wp-content\/uploads\/2022\/02\/Titan-Luxury-1-jpg.jpg?resize=1024%2C421&amp;ssl=1 1024w, https:\/\/i0.wp.com\/hofmantopsport.nl\/wp-content\/uploads\/2022\/02\/Titan-Luxury-1-jpg.jpg?resize=300%2C123&amp;ssl=1 300w, https:\/\/i0.wp.com\/hofmantopsport.nl\/wp-content\/uploads\/2022\/02\/Titan-Luxury-1-jpg.jpg?resize=768%2C316&amp;ssl=1 768w, https:\/\/i0.wp.com\/hofmantopsport.nl\/wp-content\/uploads\/2022\/02\/Titan-Luxury-1-jpg.jpg?resize=18%2C7&amp;ssl=1 18w, https:\/\/i0.wp.com\/hofmantopsport.nl\/wp-content\/uploads\/2022\/02\/Titan-Luxury-1-jpg.jpg?w=1252&amp;ssl=1 1252w\" sizes=\"auto, (max-width: 696px) 100vw, 696px\" \/><figcaption class=\"wp-element-caption\">Rossler TITAN Luxury<\/figcaption><\/figure>\n\n\n\n<figure class=\"wp-block-image size-large\"><img data-recalc-dims=\"1\" loading=\"lazy\" decoding=\"async\" width=\"696\" height=\"275\" src=\"https:\/\/i0.wp.com\/hofmantopsport.nl\/wp-content\/uploads\/2022\/02\/Titan-Luxury-LH-1-jpg.jpg?resize=696%2C275&#038;ssl=1\" alt=\"\" class=\"wp-image-2621\" srcset=\"https:\/\/i0.wp.com\/hofmantopsport.nl\/wp-content\/uploads\/2022\/02\/Titan-Luxury-LH-1-jpg.jpg?resize=1024%2C404&amp;ssl=1 1024w, https:\/\/i0.wp.com\/hofmantopsport.nl\/wp-content\/uploads\/2022\/02\/Titan-Luxury-LH-1-jpg.jpg?resize=300%2C118&amp;ssl=1 300w, https:\/\/i0.wp.com\/hofmantopsport.nl\/wp-content\/uploads\/2022\/02\/Titan-Luxury-LH-1-jpg.jpg?resize=768%2C303&amp;ssl=1 768w, https:\/\/i0.wp.com\/hofmantopsport.nl\/wp-content\/uploads\/2022\/02\/Titan-Luxury-LH-1-jpg.jpg?resize=18%2C7&amp;ssl=1 18w, https:\/\/i0.wp.com\/hofmantopsport.nl\/wp-content\/uploads\/2022\/02\/Titan-Luxury-LH-1-jpg.jpg?w=1036&amp;ssl=1 1036w\" sizes=\"auto, (max-width: 696px) 100vw, 696px\" \/><figcaption class=\"wp-element-caption\">Rossler TITAN Luxury Left Handed<\/figcaption><\/figure>\n\n\n\n<figure class=\"wp-block-image size-large\"><img data-recalc-dims=\"1\" loading=\"lazy\" decoding=\"async\" width=\"696\" height=\"268\" src=\"https:\/\/i0.wp.com\/hofmantopsport.nl\/wp-content\/uploads\/2022\/02\/Titan-Luxury-thumbhole-1-jpg.jpg?resize=696%2C268&#038;ssl=1\" alt=\"\" class=\"wp-image-2616\" srcset=\"https:\/\/i0.wp.com\/hofmantopsport.nl\/wp-content\/uploads\/2022\/02\/Titan-Luxury-thumbhole-1-jpg.jpg?resize=1024%2C394&amp;ssl=1 1024w, https:\/\/i0.wp.com\/hofmantopsport.nl\/wp-content\/uploads\/2022\/02\/Titan-Luxury-thumbhole-1-jpg.jpg?resize=300%2C115&amp;ssl=1 300w, https:\/\/i0.wp.com\/hofmantopsport.nl\/wp-content\/uploads\/2022\/02\/Titan-Luxury-thumbhole-1-jpg.jpg?resize=768%2C295&amp;ssl=1 768w, https:\/\/i0.wp.com\/hofmantopsport.nl\/wp-content\/uploads\/2022\/02\/Titan-Luxury-thumbhole-1-jpg.jpg?resize=18%2C7&amp;ssl=1 18w, https:\/\/i0.wp.com\/hofmantopsport.nl\/wp-content\/uploads\/2022\/02\/Titan-Luxury-thumbhole-1-jpg.jpg?w=1248&amp;ssl=1 1248w\" sizes=\"auto, (max-width: 696px) 100vw, 696px\" \/><figcaption class=\"wp-element-caption\">Rossler TITAN Luxury Thumbhole<\/figcaption><\/figure>\n\n\n\n<figure class=\"wp-block-image size-large\"><img data-recalc-dims=\"1\" loading=\"lazy\" decoding=\"async\" width=\"696\" height=\"262\" src=\"https:\/\/i0.wp.com\/hofmantopsport.nl\/wp-content\/uploads\/2022\/02\/Titan-Luxury-thumbhole-LH-1-jpg.jpg?resize=696%2C262&#038;ssl=1\" alt=\"\" class=\"wp-image-2622\" srcset=\"https:\/\/i0.wp.com\/hofmantopsport.nl\/wp-content\/uploads\/2022\/02\/Titan-Luxury-thumbhole-LH-1-jpg.jpg?resize=1024%2C386&amp;ssl=1 1024w, https:\/\/i0.wp.com\/hofmantopsport.nl\/wp-content\/uploads\/2022\/02\/Titan-Luxury-thumbhole-LH-1-jpg.jpg?resize=300%2C113&amp;ssl=1 300w, https:\/\/i0.wp.com\/hofmantopsport.nl\/wp-content\/uploads\/2022\/02\/Titan-Luxury-thumbhole-LH-1-jpg.jpg?resize=768%2C290&amp;ssl=1 768w, https:\/\/i0.wp.com\/hofmantopsport.nl\/wp-content\/uploads\/2022\/02\/Titan-Luxury-thumbhole-LH-1-jpg.jpg?resize=18%2C7&amp;ssl=1 18w, https:\/\/i0.wp.com\/hofmantopsport.nl\/wp-content\/uploads\/2022\/02\/Titan-Luxury-thumbhole-LH-1-jpg.jpg?w=1251&amp;ssl=1 1251w\" sizes=\"auto, (max-width: 696px) 100vw, 696px\" \/><figcaption class=\"wp-element-caption\">Rossler TITAN Luxury Thumbhole Left Handed<\/figcaption><\/figure>\n\n\n\n<figure class=\"wp-block-image size-large\"><img data-recalc-dims=\"1\" loading=\"lazy\" decoding=\"async\" width=\"696\" height=\"270\" src=\"https:\/\/i0.wp.com\/hofmantopsport.nl\/wp-content\/uploads\/2022\/02\/Titan-Carbon-1-jpg.jpg?resize=696%2C270&#038;ssl=1\" alt=\"\" class=\"wp-image-2618\" srcset=\"https:\/\/i0.wp.com\/hofmantopsport.nl\/wp-content\/uploads\/2022\/02\/Titan-Carbon-1-jpg.jpg?resize=1024%2C397&amp;ssl=1 1024w, https:\/\/i0.wp.com\/hofmantopsport.nl\/wp-content\/uploads\/2022\/02\/Titan-Carbon-1-jpg.jpg?resize=300%2C116&amp;ssl=1 300w, https:\/\/i0.wp.com\/hofmantopsport.nl\/wp-content\/uploads\/2022\/02\/Titan-Carbon-1-jpg.jpg?resize=768%2C298&amp;ssl=1 768w, https:\/\/i0.wp.com\/hofmantopsport.nl\/wp-content\/uploads\/2022\/02\/Titan-Carbon-1-jpg.jpg?resize=18%2C7&amp;ssl=1 18w, https:\/\/i0.wp.com\/hofmantopsport.nl\/wp-content\/uploads\/2022\/02\/Titan-Carbon-1-jpg.jpg?w=1206&amp;ssl=1 1206w\" sizes=\"auto, (max-width: 696px) 100vw, 696px\" \/><figcaption class=\"wp-element-caption\">Rossler TITAN Carbon<\/figcaption><\/figure>\n\n\n\n<figure class=\"wp-block-image size-large\"><img data-recalc-dims=\"1\" loading=\"lazy\" decoding=\"async\" width=\"696\" height=\"271\" src=\"https:\/\/i0.wp.com\/hofmantopsport.nl\/wp-content\/uploads\/2022\/02\/Titan-TAC-1-jpg.jpg?resize=696%2C271&#038;ssl=1\" alt=\"\" class=\"wp-image-2619\" srcset=\"https:\/\/i0.wp.com\/hofmantopsport.nl\/wp-content\/uploads\/2022\/02\/Titan-TAC-1-jpg.jpg?resize=1024%2C398&amp;ssl=1 1024w, https:\/\/i0.wp.com\/hofmantopsport.nl\/wp-content\/uploads\/2022\/02\/Titan-TAC-1-jpg.jpg?resize=300%2C117&amp;ssl=1 300w, https:\/\/i0.wp.com\/hofmantopsport.nl\/wp-content\/uploads\/2022\/02\/Titan-TAC-1-jpg.jpg?resize=768%2C298&amp;ssl=1 768w, https:\/\/i0.wp.com\/hofmantopsport.nl\/wp-content\/uploads\/2022\/02\/Titan-TAC-1-jpg.jpg?resize=18%2C7&amp;ssl=1 18w, https:\/\/i0.wp.com\/hofmantopsport.nl\/wp-content\/uploads\/2022\/02\/Titan-TAC-1-jpg.jpg?w=1248&amp;ssl=1 1248w\" sizes=\"auto, (max-width: 696px) 100vw, 696px\" \/><figcaption class=\"wp-element-caption\">Rossler TITAN Tac<\/figcaption><\/figure>","protected":false},"excerpt":{"rendered":"<p>Back in The BeNeLux: R\u00f6\u00dfler Austria &#8211; Roessler\/Rossler\/ROWA kogelgeweren!Een kleinschalig familiebedrijf gevestigd in Kufstein, Oostenrijk, dat sinds 1996 de hoogwaardige Titan 6 jachtgeweren produceert onder de bedrijfsnaam R\u00f6ssler AUSTRIA. Made in Austria!Deze geweren zijn al jarenlang bekend en gewild bij jagers wereldwijd. R\u00f6ssler-geweren imponeren met hun precisie, intu\u00eftieve bediening, solide vakmanschap en elegantie. Allround betrouwbare [&hellip;]<\/p>\n","protected":false},"author":2,"featured_media":0,"parent":117,"menu_order":0,"comment_status":"closed","ping_status":"closed","template":"","meta":{"advanced_seo_description":"","jetpack_seo_html_title":"","jetpack_seo_noindex":false,"footnotes":""},"class_list":["post-2606","page","type-page","status-publish","hentry"],"jetpack_sharing_enabled":true,"_links":{"self":[{"href":"https:\/\/hofmantopsport.nl\/en\/wp-json\/wp\/v2\/pages\/2606","targetHints":{"allow":["GET"]}}],"collection":[{"href":"https:\/\/hofmantopsport.nl\/en\/wp-json\/wp\/v2\/pages"}],"about":[{"href":"https:\/\/hofmantopsport.nl\/en\/wp-json\/wp\/v2\/types\/page"}],"author":[{"embeddable":true,"href":"https:\/\/hofmantopsport.nl\/en\/wp-json\/wp\/v2\/users\/2"}],"replies":[{"embeddable":true,"href":"https:\/\/hofmantopsport.nl\/en\/wp-json\/wp\/v2\/comments?post=2606"}],"version-history":[{"count":0,"href":"https:\/\/hofmantopsport.nl\/en\/wp-json\/wp\/v2\/pages\/2606\/revisions"}],"up":[{"embeddable":true,"href":"https:\/\/hofmantopsport.nl\/en\/wp-json\/wp\/v2\/pages\/117"}],"wp:attachment":[{"href":"https:\/\/hofmantopsport.nl\/en\/wp-json\/wp\/v2\/media?parent=2606"}],"curies":[{"name":"wp","href":"https:\/\/api.w.org\/{rel}","templated":true}]}}